{"id":258,"date":"2019-08-23T06:41:00","date_gmt":"2019-08-23T06:41:00","guid":{"rendered":"https:\/\/fleetkonzepte.de\/web\/home\/"},"modified":"2025-12-05T18:12:04","modified_gmt":"2025-12-05T17:12:04","slug":"home","status":"publish","type":"page","link":"https:\/\/www.fleetkonzepte.de\/web\/","title":{"rendered":"Home"},"content":{"rendered":"\n\n\t\t\t<h1>Mit weniger Aufwand Versicherungssch\u00e4den erfassen <\/h1>\t\t\t\n\t\t\t\t<h5>Unsere neue Softwarel\u00f6sung kommt am 1. Januar 2026\u00a0\n<\/h5>\n<p>Mit unserer neuen Softwarel\u00f6sung machen wir die Erfassung und Verwaltung Ihrer Schadensmeldungen schneller und einfacher. Wie alles funktioniert zeigen wir Ihnen in unseren Online-Schulungen.\u00a0<\/p>\n\t\t\t<a href=\"https:\/\/events.teams.microsoft.com\/event\/0f825d7e-2b9d-4255-9a99-fcc9c89380e5@39e3b22b-034d-4e50-bc77-5f5b61eab46d\" title=\"Hier klicken\" target=\"_blank\" rel=\"noopener\" role=\"button\" aria-label=\"Zur Schulung anmelden\">\n\t\t\t\t\t\t\tZur Schulung anmelden\n\t\t<\/a>\n\t\t\t<h2>Einfach f\u00fcr Sie:<\/h2><h5>Wir betreuen bundesweit einzelne Autoh\u00e4user und Filialbetriebe &#8211; markengebundene und freie Werkst\u00e4tten.<\/h5>\t\t\t\n\t\t\t\t<p>Als Dienstleister des Autohauses unterst\u00fctzen wir Sie bei der professionellen Abwicklung entstandener Forderungen aus Unfallsch\u00e4den. Wir unterst\u00fctzen Sie technisch und kaufm\u00e4nnisch dabei, dass Ihre berechtigten Anspr\u00fcche auch schnellstm\u00f6glich bezahlt werden k\u00f6nnen.<\/p>\n\t\t\t<a href=\"#\" title=\"Hier klicken\" target=\"_self\" role=\"button\" aria-label=\"Jetzt unverbindlich anfragen\" rel=\"noopener\">\n\t\t\t\t\t\t\tJetzt unverbindlich anfragen\n\t\t<\/a>\n\t\t\t<h2>Ihre Vorteile<\/h2>\t\t\t\n\t\t\t\t<p>Die Zusammenarbeit mit uns hat f\u00fcr Sie als Autohaus, sowie f\u00fcr Ihre kunden viele Vorteile. <br \/>Profitieren auch Sie:<\/p>\n\t\t\t<h4>Keine Vertragsbindungen<\/h4>\t\t\t\n\t\t\t<h4>Geringe Aufwandspauschalen<\/h4>\t\t\t\n\t\t\t<h4>Keine weiteren versteckten Kosten<\/h4>\t\t\t\n\t\t\t<h4>\u00dcbersichtliche Sammelrechnungen<\/h4>\t\t\t\n\t\t\t<h4>Absolute Kostentransparenz<\/h4>\t\t\t\n\t\t\t<h4>Pers\u00f6nliche Vor-Ort Betreuung<\/h4>\t\t\t\n\t\t\t<h2>Warum FleetKonzeptE?<\/h2><h5>Schadenabwicklung als Dienstleistung f\u00fcr Autoh\u00e4user. Abwicklung von Haftpflicht-, Kasko- und Teilkaskosch\u00e4den.<\/h5>\t\t\t\n\t\t\t<h5>Ganz einfach<\/h5>\t\t\t\n\t\t\t\t<p>Wir \u00fcbernehmen schnell und reibungslos alle Formalit\u00e4ten f\u00fcr eine professionelle Schadenabwicklung.<\/p>\n\t\t\t<h5>Komfortabel<\/h5>\t\t\t\n\t\t\t\t<p>Wir stellen ein Online-Tool f\u00fcr die gesamte Abwicklung bereit.<\/p>\n\t\t\t<h5>Sicher<\/h5>\t\t\t\n\t\t\t\t<p>Wir pr\u00fcfen das Schadengutachten auf Plausibilit\u00e4t und beanstanden ggfs. unberechtigte K\u00fcrzungen.<\/p>\n\t\t\t<h5>Von Anfang bis Ende<\/h5>\t\t\t\n\t\t\t\t<p>Wir erstellen nach Schadenregulierung f\u00fcr das Autohaus und deren Kunden jeweils eine Endabrechnung.<\/p>\n\n","protected":false},"excerpt":{"rendered":"<p>Mit weniger Aufwand Versicherungssch\u00e4den erfassen Unsere neue Softwarel\u00f6sung kommt am 1. Januar 2026\u00a0 Mit unserer neuen Softwarel\u00f6sung machen wir die Erfassung und Verwaltung Ihrer Schadensmeldungen schneller und einfacher. Wie alles funktioniert zeigen wir Ihnen in unseren Online-Schulungen.\u00a0 Zur Schulung anmelden Einfach f\u00fcr Sie: Wir betreuen bundesweit einzelne Autoh\u00e4user und Filialbetriebe &#8211; markengebundene und freie Werkst\u00e4tten. [&hellip;]<\/p>\n","protected":false},"author":1,"featured_media":0,"parent":0,"menu_order":0,"comment_status":"closed","ping_status":"closed","template":"","meta":{"site-sidebar-layout":"no-sidebar","site-content-layout":"page-builder","ast-site-content-layout":"full-width-container","site-content-style":"unboxed","site-sidebar-style":"unboxed","ast-global-header-display":"","ast-banner-title-visibility":"","ast-main-header-display":"","ast-hfb-above-header-display":"","ast-hfb-below-header-display":"","ast-hfb-mobile-header-display":"","site-post-title":"disabled","ast-breadcrumbs-content":"disabled","ast-featured-img":"disabled","footer-sml-layout":"","theme-transparent-header-meta":"enabled","adv-header-id-meta":"","stick-header-meta":"","header-above-stick-meta":"","header-main-stick-meta":"","header-below-stick-meta":"","astra-migrate-meta-layouts":"set","ast-page-background-enabled":"default","ast-page-background-meta":{"desktop":{"background-color":"","background-image":"","background-repeat":"repeat","background-position":"center center","background-size":"auto","background-attachment":"scroll","background-type":"","background-media":"","overlay-type":"","overlay-color":"","overlay-opacity":"","overlay-gradient":""},"tablet":{"background-color":"","background-image":"","background-repeat":"repeat","background-position":"center center","background-size":"auto","background-attachment":"scroll","background-type":"","background-media":"","overlay-type":"","overlay-color":"","overlay-opacity":"","overlay-gradient":""},"mobile":{"background-color":"","background-image":"","background-repeat":"repeat","background-position":"center center","background-size":"auto","background-attachment":"scroll","background-type":"","background-media":"","overlay-type":"","overlay-color":"","overlay-opacity":"","overlay-gradient":""}},"ast-content-background-meta":{"desktop":{"background-color":"var(--ast-global-color-5)","background-image":"","background-repeat":"repeat","background-position":"center center","background-size":"auto","background-attachment":"scroll","background-type":"","background-media":"","overlay-type":"","overlay-color":"","overlay-opacity":"","overlay-gradient":""},"tablet":{"background-color":"var(--ast-global-color-5)","background-image":"","background-repeat":"repeat","background-position":"center center","background-size":"auto","background-attachment":"scroll","background-type":"","background-media":"","overlay-type":"","overlay-color":"","overlay-opacity":"","overlay-gradient":""},"mobile":{"background-color":"var(--ast-global-color-5)","background-image":"","background-repeat":"repeat","background-position":"center center","background-size":"auto","background-attachment":"scroll","background-type":"","background-media":"","overlay-type":"","overlay-color":"","overlay-opacity":"","overlay-gradient":""}}},"_links":{"self":[{"href":"https:\/\/www.fleetkonzepte.de\/web\/wp-json\/wp\/v2\/pages\/258"}],"collection":[{"href":"https:\/\/www.fleetkonzepte.de\/web\/wp-json\/wp\/v2\/pages"}],"about":[{"href":"https:\/\/www.fleetkonzepte.de\/web\/wp-json\/wp\/v2\/types\/page"}],"author":[{"embeddable":true,"href":"https:\/\/www.fleetkonzepte.de\/web\/wp-json\/wp\/v2\/users\/1"}],"replies":[{"embeddable":true,"href":"https:\/\/www.fleetkonzepte.de\/web\/wp-json\/wp\/v2\/comments?post=258"}],"version-history":[{"count":10,"href":"https:\/\/www.fleetkonzepte.de\/web\/wp-json\/wp\/v2\/pages\/258\/revisions"}],"predecessor-version":[{"id":933,"href":"https:\/\/www.fleetkonzepte.de\/web\/wp-json\/wp\/v2\/pages\/258\/revisions\/933"}],"wp:attachment":[{"href":"https:\/\/www.fleetkonzepte.de\/web\/wp-json\/wp\/v2\/media?parent=258"}],"curies":[{"name":"wp","href":"https:\/\/api.w.org\/{rel}","templated":true}]}}