{"id":476,"date":"2018-03-18T17:37:27","date_gmt":"2018-03-18T17:37:27","guid":{"rendered":"http:\/\/www.fleetkonzepte.de\/web\/?page_id=476"},"modified":"2020-10-07T16:10:10","modified_gmt":"2020-10-07T14:10:10","slug":"datenschutz","status":"publish","type":"page","link":"https:\/\/www.fleetkonzepte.de\/web\/datenschutz\/","title":{"rendered":"Datenschutz"},"content":{"rendered":"\n\t<strong>Datenschutzerkl\u00e4rung<\/strong><br \/>\nWir m\u00f6chten Sie nachfolgend \u00fcber die Verarbeitung personenbezogener Daten im Rahmen der Nutzung unserer Internetseiten informieren.\n<strong>Verantwortlicher<\/strong><br \/>\nVerantwortlicher f\u00fcr diese Internetseiten ist die Fleetkonzepte GmbH (Gablonz-stra\u00dfe 12 38114 Braunschweig) Weitere Angaben zu unserem Unternehmen und den vertretungsberechtigten Personen k\u00f6nnen Sie unserem Impressum entnehmen.<br \/>\nWelche Daten werden verarbeitet?\n<strong>Rechtsgrundlagen der Datenverarbeitung<\/strong><br \/>\nUm Ihnen unsere Internetseite und die damit verbundenen Dienstleistungen anbieten zu k\u00f6nnen, verarbeiten wir personenbezogene Daten auf Basis folgender Rechts-grundlagen:<br \/>\n\u2013 Einwilligung (Art. 6 Abs. 1 lit. a) DSGVO)<br \/>\n\u2013 zur Erf\u00fcllung von Vertr\u00e4gen (Art. 6 Abs. 1 lit. b) DSGVO<br \/>\n\u2013 auf Basis einer Interessenabw\u00e4gung (Art. 6 Abs. 1 lit. f) DSGVO)<br \/>\n\u2013 zur Erf\u00fcllung einer rechtlichen Verpflichtung (Art. 6 Abs. 1 lit. c) DSGVO)<br \/>\nWir werden im Zusammenhang mit der jeweiligen Verarbeitung auf die entsprechen-den Begrifflichkeiten Bezug nehmen, so dass Sie einordnen k\u00f6nnen, auf welcher Ba-sis wir personenbezogene Daten verarbeiten.<br \/>\nWenn personenbezogene Daten auf Grundlage einer Einwilligung von Ihnen verar-beitet werden, haben Sie das Recht, die Einwilligung jederzeit mit Wirkung f\u00fcr die Zu-kunft uns gegen\u00fcber zu widerrufen.<br \/>\nWenn wir Daten auf Basis einer Interessenabw\u00e4gung verarbeiten, haben Sie als Betroffene\/r das Recht, unter Ber\u00fccksichtigung der Vorgaben von Art. 21 DSGVO der Verarbeitung der personenbezogenen Daten zu widersprechen.\n<strong>Zugriffsdaten<\/strong><br \/>\nWenn Sie unsere Internetseiten besuchen, werden personenbezogene Daten verar-beitet, um Ihnen die Inhalte der Internetseite auf Ihrem Endger\u00e4t anzeigen zu k\u00f6nnen.<br \/>\nDamit die Seiten in Ihrem Browser dargestellt werden k\u00f6nnen, muss die IP-Adresse des von Ihnen verwendeten Endger\u00e4ts verarbeitet werden. Hinzu kommen weitere Information \u00fcber den Browser Ihres Endger\u00e4ts.<br \/>\nWir sind datenschutzrechtlich verpflichtet, auch die Vertraulichkeit und Integrit\u00e4t der mit unseren IT-Systemen verarbeiteten personenbezogenen Daten zu gew\u00e4hrleisten.<br \/>\nF\u00fcr diesen Zweck und aus diesem Interesse werden auf Basis einer Interessenab-w\u00e4gung nachfolgende Daten protokolliert:<br \/>\n\u2013 IP-Adresse des aufrufenden Rechners (f\u00fcr maximal 7 Tage)<br \/>\n\u2013 Betriebssystem des aufrufenden Rechners<br \/>\n\u2013 Browser Version des aufrufenden Rechners<br \/>\n\u2013 Name der abgerufenen Datei<br \/>\n\u2013 Datum und Uhrzeit des Abrufs<br \/>\n\u2013 \u00fcbertragene Datenmenge<br \/>\n\u2013 Verweisende URL<br \/>\nDie IP-Adresse wird nach sp\u00e4testens 7 Tagen von allen Systemen, die im Zusam-menhang mit dem Betrieb dieser Internetseiten verwendet werden, gel\u00f6scht. Einen Personenbezug k\u00f6nnen wir aus den verbleibenden Daten dann nicht mehr herstellen.<br \/>\nDie Daten werden ferner auch verwendet, um Fehler auf den Internetseiten ermitteln und beheben zu k\u00f6nnen.\n<strong>Kontaktformular<\/strong><br \/>\nWir bieten auf unserer Internetseite ein Kontaktformular an, \u00fcber das Sie Informatio-nen zu unseren Produkten oder Dienstleistungen anfordern oder allgemein Kontakt aufnehmen k\u00f6nnen. Die von Ihnen zwingend zur Beantwortung einer Anfrage erfor-derlichen Daten haben wir als Pflichtfelder gekennzeichnet. Angaben zu weiteren Datenfeldern sind freiwillig.<br \/>\nWir ben\u00f6tigen diese Angaben, um Ihre Anfrage zu bearbeiten, Sie korrekt anzuspre-chen und Ihnen eine Antwort zukommen zu lassen. Die Datenverarbeitung erfolgt bei konkreten Anfragen zur Erf\u00fcllung eines Vertrages bzw. der Vertragsanbahnung. Bei allgemeinen Anfragen erfolgt die Verarbeitung auf Basis einer Interessenabw\u00e4gung.<br \/>\nAnfragen, die \u00fcber das Kontaktformular unserer Internetseite eingehen, werden bei uns elektronisch verarbeitet, um Ihre Anfrage zu beantworten. In dem Zusammen-hang erhalten ggf. auch weitere Personen oder Abteilungen und ggf. Dritte Kenntnis von den Formularinhalten, die Sie \u00fcbersendet haben.<br \/>\nDie \u00dcbermittlung der Formular-Daten \u00fcber das Internet erfolgt \u00fcber verschl\u00fcsselte Verbindungen.\n<strong>Cookies<\/strong><br \/>\nAuf unseren Internetseiten kommen Cookies zum Einsatz. Cookies sind kleine Tex-tinformationen, die \u00fcber ihren Browser in Ihrem Endger\u00e4t gespeichert werden. Die Cookies sind erforderlich, um bestimmte Funktionen unserer Internetseiten zu erm\u00f6g-lichen.<br \/>\nWir nutzen dabei sowohl Session-Cookies, die unmittelbar nach Beendigung des Be-suchs der Internetseiten automatisch von Ihrem Browser gel\u00f6scht werden.<br \/>\nIm Bereich der Webanalyse setzen wir aber auch sog. persistente Cookies ein, die nicht automatisch nach Beendigung des Besuchs unserer Internetseite gel\u00f6scht wer-den.<br \/>\nSie haben die M\u00f6glichkeit, das Setzen von Cookies durch entsprechende Einstellun-gen in Ihrem Browser zu unterbinden. Wir weisen jedoch darauf hin, dass die Nut-zung unserer Internetseiten dann ggf. nur eingeschr\u00e4nkt m\u00f6glich ist. Durch Cookies werden keine Programme oder sonstige Applikationen auf Ihrem Rechner installiert oder gestartet.<br \/>\nDer Einsatz von Cookies erfolgt auf Basis einer Interessenabw\u00e4gung. Unser Interes-se ist der bedienungsfreundliche Besuch unserer Internetseiten.\n<strong>Zwecke der Verarbeitung personenbezogener Daten<\/strong><br \/>\nDie vorgenannten Daten verarbeiten wir f\u00fcr den Betrieb unserer Internetseite und f\u00fcr Erf\u00fcllung von vertraglichen Pflichten gegen\u00fcber unseren Kunden bzw. der Wahrung unserer berechtigten Interessen.<br \/>\nBei Anfragen von Ihnen au\u00dferhalb eines aktiven Kundenverh\u00e4ltnisses verarbeiten wir die Daten f\u00fcr Zwecke des Vertriebs und der Werbung. Sie k\u00f6nnen einer Verwendung Ihrer personenbezogenen Daten f\u00fcr Werbezwecke jederzeit widersprechen.\n<strong>Freiwillige Angaben<\/strong><br \/>\nSoweit Sie Daten uns gegen\u00fcber z.B. in Formularen freiwillig angeben und diese f\u00fcr die Erf\u00fcllung unserer vertraglichen Pflichten nicht erforderlich sind, verarbeiten wir diese Daten in der berechtigten Annahme, dass die Verarbeitung und Verwendung dieser Daten in Ihrem Interesse ist.\n<strong>Empf\u00e4nger \/ Weitergabe von Daten<\/strong><br \/>\nDaten, die Sie uns gegen\u00fcber angeben, werden grunds\u00e4tzlich nicht an Dritte weiter-gegeben. Insbesondere werden Ihre Daten nicht an Dritte f\u00fcr deren Werbezwecke weitergegeben.<br \/>\nWir setzen jedoch ggf. Dienstleister f\u00fcr den Betrieb dieser Internetseiten oder f\u00fcr wei-tere Produkte oder Dienstleistungen von uns ein. Hier kann es vorkommen, dass ein Dienstleister Kenntnis von personenbezogenen Daten erh\u00e4lt Wir w\u00e4hlen unsere Dienstleister sorgf\u00e4ltig \u2013 insbesondere im Hinblick auf Datenschutz und Datensicher-heit \u2013 aus und treffen alle datenschutzrechtlich erforderlichen Ma\u00dfnahmen f\u00fcr eine zul\u00e4ssige Datenverarbeitung.\n<strong>Datenverarbeitung au\u00dferhalb der Europ\u00e4ischen Union<\/strong><br \/>\nSoweit personenbezogene Daten au\u00dferhalb der europ\u00e4ischen Union verarbeitet wer-den, k\u00f6nnen Sie dies den vorherigen Ausf\u00fchrungen entnehmen.\n<strong>Datenschutzbeauftragter<\/strong><br \/>\nWir haben einen Datenschutzbeauftragten benannt.<br \/>\nSie erreichen diesen wie folgt:\nCWI-Systems<br \/>\nMartin Solarczek<br \/>\n&#8211; externer Datenschutzbeauftragter \u2013<br \/>\nim kalten Tale 8<br \/>\n38304 Wolfenb\u00fcttel<br \/>\nE-Mail: msolarczek@cwi-systems.de\n<strong>Ihre Rechte als Betroffene\/r<\/strong><br \/>\nSie haben das Recht auf Auskunft \u00fcber die Sie betreffenden personenbezogenen Daten. Sie k\u00f6nnen sich f\u00fcr eine Auskunft jederzeit an uns wenden.<br \/>\nBei einer Auskunftsanfrage, die nicht schriftlich erfolgt, bitten wir um Verst\u00e4ndnis da-f\u00fcr, dass wir ggf. Nachweise von Ihnen verlangen, die belegen, dass Sie die Person sind, f\u00fcr die Sie sich ausgeben.<br \/>\nFerner haben Sie ein Recht auf Berichtigung oder L\u00f6schung oder auf Einschr\u00e4n-kung der Verarbeitung, soweit Ihnen dies gesetzlich zusteht.<br \/>\nSchlie\u00dflich haben Sie ein Widerspruchsrecht gegen die Verarbeitung im Rahmen der gesetzlichen Vorgaben. Gleiches gilt f\u00fcr ein Recht auf Daten\u00fcbertragbarkeit.\n<strong>L\u00f6schung von Daten<\/strong><br \/>\nWir l\u00f6schen personenbezogene Daten grunds\u00e4tzlich dann, wenn kein Erfordernis f\u00fcr eine weitere Speicherung besteht. Ein Erfordernis kann insbesondere dann bestehen, wenn die Daten noch ben\u00f6tigt werden, um vertragliche Leistungen zur erf\u00fcllen, Gew\u00e4hrleistungs- und ggf. Garantieanspr\u00fcche pr\u00fcfen und gew\u00e4hren oder abwehren zu k\u00f6nnen. Im Falle von gesetzlichen Aufbewahrungspflichten kommt eine L\u00f6schung erst nach Ablauf der jeweiligen Aufbewahrungspflicht in Betracht.\n<strong>Beschwerderecht bei einer Aufsichtsbeh\u00f6rde<\/strong><br \/>\nSie haben das Recht, sich \u00fcber die Verarbeitung personenbezogenen Daten durch uns bei einer Aufsichtsbeh\u00f6rde f\u00fcr den Datenschutz zu beschweren.\n<strong>\u00c4nderung dieser Datenschutzhinweise<\/strong><br \/>\nWir \u00fcberarbeiten diese Datenschutzhinweise bei \u00c4nderungen an dieser Internetseite oder bei sonstigen Anl\u00e4ssen, die dies erforderlich machen. Die jeweils aktuelle Fas-sung finden Sie stets auf dieser Internetseite<br \/>\nStand: 23.05.2018\n","protected":false},"excerpt":{"rendered":"<p>Datenschutzerkl\u00e4rung Wir m\u00f6chten Sie nachfolgend \u00fcber die Verarbeitung personenbezogener Daten im Rahmen der Nutzung unserer Internetseiten informieren. Verantwortlicher Verantwortlicher f\u00fcr diese Internetseiten ist die Fleetkonzepte GmbH (Gablonz-stra\u00dfe 12 38114 Braunschweig) Weitere Angaben zu unserem Unternehmen und den vertretungsberechtigten Personen k\u00f6nnen Sie unserem Impressum entnehmen. Welche Daten werden verarbeitet? Rechtsgrundlagen der Datenverarbeitung Um Ihnen unsere Internetseite [&hellip;]<\/p>\n","protected":false},"author":1,"featured_media":0,"parent":0,"menu_order":10,"comment_status":"closed","ping_status":"closed","template":"","meta":{"site-sidebar-layout":"default","site-content-layout":"default","ast-site-content-layout":"default","site-content-style":"default","site-sidebar-style":"default","ast-global-header-display":"","ast-banner-title-visibility":"","ast-main-header-display":"","ast-hfb-above-header-display":"","ast-hfb-below-header-display":"","ast-hfb-mobile-header-display":"","site-post-title":"disabled","ast-breadcrumbs-content":"","ast-featured-img":"","footer-sml-layout":"","theme-transparent-header-meta":"default","adv-header-id-meta":"","stick-header-meta":"default","header-above-stick-meta":"","header-main-stick-meta":"","header-below-stick-meta":"","astra-migrate-meta-layouts":"default","ast-page-background-enabled":"default","ast-page-background-meta":{"desktop":{"background-color":"","background-image":"","background-repeat":"repeat","background-position":"center center","background-size":"auto","background-attachment":"scroll","background-type":"","background-media":"","overlay-type":"","overlay-color":"","overlay-opacity":"","overlay-gradient":""},"tablet":{"background-color":"","background-image":"","background-repeat":"repeat","background-position":"center center","background-size":"auto","background-attachment":"scroll","background-type":"","background-media":"","overlay-type":"","overlay-color":"","overlay-opacity":"","overlay-gradient":""},"mobile":{"background-color":"","background-image":"","background-repeat":"repeat","background-position":"center center","background-size":"auto","background-attachment":"scroll","background-type":"","background-media":"","overlay-type":"","overlay-color":"","overlay-opacity":"","overlay-gradient":""}},"ast-content-background-meta":{"desktop":{"background-color":"var(--ast-global-color-5)","background-image":"","background-repeat":"repeat","background-position":"center center","background-size":"auto","background-attachment":"scroll","background-type":"","background-media":"","overlay-type":"","overlay-color":"","overlay-opacity":"","overlay-gradient":""},"tablet":{"background-color":"var(--ast-global-color-5)","background-image":"","background-repeat":"repeat","background-position":"center center","background-size":"auto","background-attachment":"scroll","background-type":"","background-media":"","overlay-type":"","overlay-color":"","overlay-opacity":"","overlay-gradient":""},"mobile":{"background-color":"var(--ast-global-color-5)","background-image":"","background-repeat":"repeat","background-position":"center center","background-size":"auto","background-attachment":"scroll","background-type":"","background-media":"","overlay-type":"","overlay-color":"","overlay-opacity":"","overlay-gradient":""}}},"_links":{"self":[{"href":"https:\/\/www.fleetkonzepte.de\/web\/wp-json\/wp\/v2\/pages\/476"}],"collection":[{"href":"https:\/\/www.fleetkonzepte.de\/web\/wp-json\/wp\/v2\/pages"}],"about":[{"href":"https:\/\/www.fleetkonzepte.de\/web\/wp-json\/wp\/v2\/types\/page"}],"author":[{"embeddable":true,"href":"https:\/\/www.fleetkonzepte.de\/web\/wp-json\/wp\/v2\/users\/1"}],"replies":[{"embeddable":true,"href":"https:\/\/www.fleetkonzepte.de\/web\/wp-json\/wp\/v2\/comments?post=476"}],"version-history":[{"count":4,"href":"https:\/\/www.fleetkonzepte.de\/web\/wp-json\/wp\/v2\/pages\/476\/revisions"}],"predecessor-version":[{"id":854,"href":"https:\/\/www.fleetkonzepte.de\/web\/wp-json\/wp\/v2\/pages\/476\/revisions\/854"}],"wp:attachment":[{"href":"https:\/\/www.fleetkonzepte.de\/web\/wp-json\/wp\/v2\/media?parent=476"}],"curies":[{"name":"wp","href":"https:\/\/api.w.org\/{rel}","templated":true}]}}