{"id":651,"date":"2019-08-23T06:43:07","date_gmt":"2019-08-23T06:43:07","guid":{"rendered":"https:\/\/fleetkonzepte.de\/web\/why-choose-us\/"},"modified":"2023-02-10T15:17:19","modified_gmt":"2023-02-10T14:17:19","slug":"leistungen-autohaus-schadensmanagement","status":"publish","type":"page","link":"https:\/\/www.fleetkonzepte.de\/web\/leistungen-autohaus-schadensmanagement\/","title":{"rendered":"Leistungen"},"content":{"rendered":"\n\n\t\t\t<h1>Das erledigen wir f\u00fcr Sie.<\/h1>\t\t\t\n\t\t\t\t<p>Unser Team steht in in allen Belangen rund um Kasko,- Haftpflichtschadensf\u00e4lle mit einer pers\u00f6nlichen Vor-Ort Betreuung jederzeit zu Verf\u00fcgung.\u00a0<\/p>\n\t<h2>\n\t\t\t\tLeistungen von A-Z\n\t\t\t<\/h2>\n\t<p>Unsere Leistungs\u00fcbersicht f\u00fcr Schadensf\u00e4lle im Autohaus (Haftpflicht und Kasko)<\/p>\n\t<ul>\n<li>Abfrage der Versicherung des Sch\u00e4digers<\/li>\n<li>Abfrage und Entgegennahme der Reparaturkosten\u00fcbernahme\/Haftungs\u00fcbernahme<\/li>\n<li>Auftragsgem\u00e4\u00dfe Entgegennahme der Bewertung eines ggf. durch den Kunden beauftragten Rechtsanwalts sowie Weitergabe von technischen und kaufm\u00e4nnischen Informationen an diesen.<\/li>\n<li>Abrechnung mit der gegnerischen oder eigenen Versicherung<\/li>\n<li>Anforderung und Kontrolle von Reparaturablaufpl\u00e4nen<\/li>\n<li>Bereitstellung von Vorlagen und Formularen zur Erstellung der Schadensmeldung, Sicherungsabtretung und Kundeninformationsblatt<\/li>\n<li>Entgegennahme der Informationen der Rechtsanw\u00e4lte zu einem im Kundenauftrag durchgef\u00fchrten Widerspruch zu technischen K\u00fcrzungen<\/li>\n<li>Kaufm\u00e4nnische und technische Bewertung der Notwendigkeit eines Gutachtens<\/li>\n<li>Kaufm\u00e4nnische und technische Einholung und Zusammenstellung aller notwendigen Unterlagen f\u00fcr die Abrechnung mit der Versicherung<\/li>\n<li>Kaufm\u00e4nnische und technische Pr\u00fcfung der Unterlagen auf Vollst\u00e4ndigkeit<\/li>\n<li>Kaufm\u00e4nnische \u00dcberwachung der Zahlungstermine, Mahnungen<\/li>\n<li>Koordination von Gegen\u00fcberstellungen oder Nachbesichtigungen<\/li>\n<li>Kontrolle der Abrechnungen der Versicherung in technischer und kaufm\u00e4nnischer Hinsicht<\/li>\n<li>Online Schadenaufnahme, durch benutzerfreundliche Oberfl\u00e4che<\/li>\n<li>Online \u00dcbersicht \u00fcber Ihre gemeldeten Unfallsch\u00e4den mit Dokumenten<\/li>\n<li>Pr\u00fcfung der Autohausrechnungen auf Vollst\u00e4ndigkeit der Positionen und Optimierung von Positionen<\/li>\n<li>Sicherstellung, dass Unfallfahrzeuge nicht in fremde oder unerw\u00fcnschte Werkst\u00e4tten gesteuert werden<\/li>\n<li>Technische Pr\u00fcfung des Gutachtens (im Rahmen der Unterlagen zum Unfallgeschehen)<\/li>\n<\/ul>\n\t\t<!-- Comment to fix spacing issue\n\t-->\n\t\t\u00dcber<h2>0<\/h2>Schadensabwicklungen\n\t<!-- Comment to fix spacing issue\n\t-->\t\n\t\t<!-- Comment to fix spacing issue\n\t-->\n\t\tMehr als<h2>0<\/h2>zufriedene Kunden\n\t<!-- Comment to fix spacing issue\n\t-->\t\n\t\t<!-- Comment to fix spacing issue\n\t-->\n\t\tSeid<h2>0<\/h2>Jahren dabei\n\t<!-- Comment to fix spacing issue\n\t-->\t\n\t\t<!-- Comment to fix spacing issue\n\t-->\n\t\tImmer<h2>0%<\/h2>Einsatz\n\t<!-- Comment to fix spacing issue\n\t-->\t\n\n","protected":false},"excerpt":{"rendered":"<p>Das erledigen wir f\u00fcr Sie. Unser Team steht in in allen Belangen rund um Kasko,- Haftpflichtschadensf\u00e4lle mit einer pers\u00f6nlichen Vor-Ort Betreuung jederzeit zu Verf\u00fcgung.\u00a0 Leistungen von A-Z Unsere Leistungs\u00fcbersicht f\u00fcr Schadensf\u00e4lle im Autohaus (Haftpflicht und Kasko) Abfrage der Versicherung des Sch\u00e4digers Abfrage und Entgegennahme der Reparaturkosten\u00fcbernahme\/Haftungs\u00fcbernahme Auftragsgem\u00e4\u00dfe Entgegennahme der Bewertung eines ggf. durch den Kunden [&hellip;]<\/p>\n","protected":false},"author":1,"featured_media":0,"parent":0,"menu_order":0,"comment_status":"closed","ping_status":"closed","template":"","meta":{"site-sidebar-layout":"no-sidebar","site-content-layout":"page-builder","ast-site-content-layout":"default","site-content-style":"default","site-sidebar-style":"default","ast-global-header-display":"","ast-banner-title-visibility":"","ast-main-header-display":"","ast-hfb-above-header-display":"","ast-hfb-below-header-display":"","ast-hfb-mobile-header-display":"","site-post-title":"disabled","ast-breadcrumbs-content":"","ast-featured-img":"disabled","footer-sml-layout":"","theme-transparent-header-meta":"enabled","adv-header-id-meta":"","stick-header-meta":"default","header-above-stick-meta":"","header-main-stick-meta":"","header-below-stick-meta":"","astra-migrate-meta-layouts":"default","ast-page-background-enabled":"default","ast-page-background-meta":{"desktop":{"background-color":"","background-image":"","background-repeat":"repeat","background-position":"center center","background-size":"auto","background-attachment":"scroll","background-type":"","background-media":"","overlay-type":"","overlay-color":"","overlay-opacity":"","overlay-gradient":""},"tablet":{"background-color":"","background-image":"","background-repeat":"repeat","background-position":"center center","background-size":"auto","background-attachment":"scroll","background-type":"","background-media":"","overlay-type":"","overlay-color":"","overlay-opacity":"","overlay-gradient":""},"mobile":{"background-color":"","background-image":"","background-repeat":"repeat","background-position":"center center","background-size":"auto","background-attachment":"scroll","background-type":"","background-media":"","overlay-type":"","overlay-color":"","overlay-opacity":"","overlay-gradient":""}},"ast-content-background-meta":{"desktop":{"background-color":"var(--ast-global-color-5)","background-image":"","background-repeat":"repeat","background-position":"center center","background-size":"auto","background-attachment":"scroll","background-type":"","background-media":"","overlay-type":"","overlay-color":"","overlay-opacity":"","overlay-gradient":""},"tablet":{"background-color":"var(--ast-global-color-5)","background-image":"","background-repeat":"repeat","background-position":"center center","background-size":"auto","background-attachment":"scroll","background-type":"","background-media":"","overlay-type":"","overlay-color":"","overlay-opacity":"","overlay-gradient":""},"mobile":{"background-color":"var(--ast-global-color-5)","background-image":"","background-repeat":"repeat","background-position":"center center","background-size":"auto","background-attachment":"scroll","background-type":"","background-media":"","overlay-type":"","overlay-color":"","overlay-opacity":"","overlay-gradient":""}}},"_links":{"self":[{"href":"https:\/\/www.fleetkonzepte.de\/web\/wp-json\/wp\/v2\/pages\/651"}],"collection":[{"href":"https:\/\/www.fleetkonzepte.de\/web\/wp-json\/wp\/v2\/pages"}],"about":[{"href":"https:\/\/www.fleetkonzepte.de\/web\/wp-json\/wp\/v2\/types\/page"}],"author":[{"embeddable":true,"href":"https:\/\/www.fleetkonzepte.de\/web\/wp-json\/wp\/v2\/users\/1"}],"replies":[{"embeddable":true,"href":"https:\/\/www.fleetkonzepte.de\/web\/wp-json\/wp\/v2\/comments?post=651"}],"version-history":[{"count":10,"href":"https:\/\/www.fleetkonzepte.de\/web\/wp-json\/wp\/v2\/pages\/651\/revisions"}],"predecessor-version":[{"id":897,"href":"https:\/\/www.fleetkonzepte.de\/web\/wp-json\/wp\/v2\/pages\/651\/revisions\/897"}],"wp:attachment":[{"href":"https:\/\/www.fleetkonzepte.de\/web\/wp-json\/wp\/v2\/media?parent=651"}],"curies":[{"name":"wp","href":"https:\/\/api.w.org\/{rel}","templated":true}]}}